{"id":4858,"date":"2015-01-26T16:53:23","date_gmt":"2015-01-26T15:53:23","guid":{"rendered":"http:\/\/www.tri-team-fuldatal.de\/?page_id=4858"},"modified":"2020-03-08T11:35:34","modified_gmt":"2020-03-08T10:35:34","slug":"ausschreibung","status":"publish","type":"page","link":"http:\/\/www.tri-team-fuldatal.de\/?page_id=4858","title":{"rendered":"Ausschreibung 2020"},"content":{"rendered":"<p>&nbsp;<\/p>\n<p><strong><a href=\"http:\/\/www.tri-team-fuldatal.de\/wp-content\/uploads\/2019\/03\/Fuldataler-Triathlon.jpg\"><img loading=\"lazy\" decoding=\"async\" class=\"aligncenter wp-image-6923\" src=\"http:\/\/www.tri-team-fuldatal.de\/wp-content\/uploads\/2019\/03\/Fuldataler-Triathlon.jpg\" alt=\"\" width=\"604\" height=\"271\" srcset=\"http:\/\/www.tri-team-fuldatal.de\/wp-content\/uploads\/2019\/03\/Fuldataler-Triathlon.jpg 939w, http:\/\/www.tri-team-fuldatal.de\/wp-content\/uploads\/2019\/03\/Fuldataler-Triathlon-300x135.jpg 300w, http:\/\/www.tri-team-fuldatal.de\/wp-content\/uploads\/2019\/03\/Fuldataler-Triathlon-768x344.jpg 768w\" sizes=\"auto, (max-width: 604px) 100vw, 604px\" \/><\/a>\u00a0<\/strong><\/p>\n<h1><\/h1>\n<h2 style=\"text-align: center;\"><strong>Ausschreibung zum <\/strong><strong>16. Fuldataler Triathlon<\/strong><\/h2>\n<h2 style=\"text-align: center;\"><strong>am 09.08.2020<\/strong><\/h2>\n<p style=\"text-align: center;\"><strong>(<\/strong><strong>Stand 08.03.2020<\/strong><strong>)<\/strong><\/p>\n<p>&nbsp;<\/p>\n<p><strong>\u00a0<\/strong><\/p>\n<p><strong>Ausrichter:<\/strong><\/p>\n<p>Tri-Team Fuldatal, Abteilung des TSV Ihringshausen e.V.<\/p>\n<p><strong>\u00a0<\/strong><\/p>\n<p><strong>Kontakt:<\/strong><\/p>\n<p>Orgateam@fuldataler-triathlon.de<\/p>\n<p>&nbsp;<\/p>\n<p><strong>Genehmigung und Genehmigungsnummer:<\/strong><\/p>\n<p>Offiziell genehmigte Triathlon-Veranstaltung des Hessischen Triathlon Verbandes (HTV) mit der Genehmigungsnummer: 07-20-01-03415<\/p>\n<p><strong>\u00a0<\/strong><\/p>\n<p><strong>Veranstaltungsort:<\/strong><\/p>\n<p>Stadion Eichhecke in 34233 Fuldatal. Anfahrt zu den Parkpl\u00e4tzen \u00fcber Weserstra\u00dfe.<\/p>\n<p><strong>\u00a0<\/strong><\/p>\n<p><strong>Angebotene Distanzen und Formate:<\/strong><\/p>\n<p>Sprintdistanz 0,75 km \/ 20 km \/ 5 km (F\u00fcr Ligastarter im Teamformat)<\/p>\n<p>Volksdistanz 0,5 km \/ 20 km \/ 5 km (F\u00fcr offene Starter und Staffeln)<\/p>\n<p>&nbsp;<\/p>\n<p><strong>Strecken:<\/strong><\/p>\n<p><em>Wechselzone \u2013 <\/em>Auf der Rasenfl\u00e4che direkt neben der Sporthalle<\/p>\n<p><em>Schwimmen \u2013 <\/em>500 oder 750 Meter Schwimmen auf 50m-Bahn im Waldschwimmbad Ihringshausen<\/p>\n<p><em>Radfahren \u2013 <\/em>Flacher Rundkurs im Ortskern Fuldatal Ihringshausen mit 4 Runden und 20 km Gesamtl\u00e4nge<\/p>\n<p><em>Laufen <\/em>\u2013 \u00fcber 3 Runden \u00e1 ca. 1,7 km (5 km) \/ 100 hm \/ mit Stadionrunde<\/p>\n<p>&nbsp;<\/p>\n<p>&nbsp;<\/p>\n<h2><strong>Anmeldung<\/strong><\/h2>\n<p>Die Anmeldung ist ge\u00f6ffnet und sieht verschiedene Rabattstaffeln vor. Je fr\u00fcher Ihr euch anmeldet, desto g\u00fcnstiger wird die Startgeb\u00fchr ausfallen.<\/p>\n<p><a href=\"https:\/\/fuldataler-triathlon-2020.racepedia.de\/\">https:\/\/fuldataler-triathlon-2020.racepedia.de\/<\/a><\/p>\n<p>&nbsp;<\/p>\n<p><u>\u00d6ffnungszeiten Startnummernausgabe und Anmeldung:<\/u><\/p>\n<p>Samstag 8. August: 17-19 Uhr<\/p>\n<p>Sonntag 9. August: 6-14 Uhr<\/p>\n<p>&nbsp;<\/p>\n<p><strong>Startgeb\u00fchren: <\/strong><\/p>\n<p><u>Offene Klasse:<\/u><\/p>\n<p>vom 01.03. bis 31.05.2020: <strong>35,- \u20ac <\/strong>Startgeb\u00fchr<\/p>\n<p>vom 01.06. bis 20.07.2020<strong>: 40,- \u20ac <\/strong>Startgeb\u00fchr<\/p>\n<p>vom 21.07. bis 05.08.2020<strong>: 43,- \u20ac <\/strong>Startgeb\u00fchr<\/p>\n<p>&nbsp;<\/p>\n<p><u>Staffeln:<\/u><\/p>\n<p>vom 01.03. bis 31.05.2020: <strong>45,- \u20ac <\/strong>Startgeb\u00fchr<\/p>\n<p>vom 01.06. bis 20.07.2020<strong>: 50,- \u20ac <\/strong>Startgeb\u00fchr<\/p>\n<p>vom 21.07. bis 05.08.2020<strong>: 53,- \u20ac <\/strong>Startgeb\u00fchr<\/p>\n<p>&nbsp;<\/p>\n<p>Meldeschluss online: 05.08.2020<\/p>\n<p>&nbsp;<\/p>\n<p><u>Nachmeldungen:<\/u><\/p>\n<p>F\u00fcr <strong>Nachmelder am 08.\/09.08.2020 <\/strong>erheben wir eine <strong>Geb\u00fchr von 5\u20ac<\/strong>.<\/p>\n<p>&nbsp;<\/p>\n<p><strong>Teilnehmerlimit:<\/strong><\/p>\n<p><u>Liga:<\/u><\/p>\n<p>F\u00fcr die Liga sind alle beim HTV f\u00fcr die Liga gemeldeten Teams mit jeweils 5 Startern bzw. 4 Starterinnen startberechtigt.<\/p>\n<p>&nbsp;<\/p>\n<p><u>Offene Klasse:<\/u><\/p>\n<p>Es besteht ein Teilnehmerlimit von 200 Startern<\/p>\n<p>&nbsp;<\/p>\n<p><strong>Um- &amp; Nachmeldungen:<\/strong><\/p>\n<p>Volksdistanz: Ummeldungen vorab per Mail: anmeldung@fuldataler-triathlon.de, oder vor Ort bei der Startnummernausgabe. Nachmeldungen nur vor Ort bis Schlie\u00dfung der Startnummernausgabe und nur sofern noch nicht ausgebucht. F\u00fcr Nachmeldung und Ummeldung f\u00e4llt eine Geb\u00fchr von 5 Euro an.<\/p>\n<p>&nbsp;<\/p>\n<p>F\u00fcr die Liga gelten die in der Ligaordnung und Durchf\u00fchrungsbestimmung genannte Vorgehensweise.<\/p>\n<p>&nbsp;<\/p>\n<p><strong>R\u00fccktritt vom gebuchten Startplatz:<\/strong><\/p>\n<p>R\u00fccktritt vom Startplatz nur m\u00f6glich bis 1 Woche vor dem Wettkampf. Beim R\u00fccktritt mit Auszahlung der Startgeb\u00fchr erheben wir 5 Euro Bearbeitungsgeb\u00fchr.<\/p>\n<p>&nbsp;<\/p>\n<p><strong>Urkunden: <\/strong><\/p>\n<p><strong>\u00a0<\/strong>Athleten k\u00f6nnen sich ihre Urkunden auf der Homepage des Zeitnehmers herunterladen.<\/p>\n<p>&nbsp;<\/p>\n<p><strong>Teilnahmeberechtigung:<\/strong><\/p>\n<p>Teilnahmeberechtigt sind alle Starter mit einem Alter \u00fcber 18 Jahre und Jugendliche der Altersklasse Jugend A (16 &#8211; 17 Jahre) mit der schriftlichen Einwilligung eines Erziehungsberechtigten.<\/p>\n<p>Bei den Staffeln darf auch die Altersklasse Jugend B (14 \u2013 15 Jahre) starten, solange nur eine Einzeldisziplin absolviert wird.<\/p>\n<p>&nbsp;<\/p>\n<p><strong>Zeitnahme: <\/strong><\/p>\n<p>Die Zeitnahme erfolgt mittels Transponder am Fu\u00dfgelenk durch die Firma time2finish GbR (Chipband inklusive). Genommen werden die jeweiligen Splits aller drei Disziplinen ohne separate Wechselzeiten. Der Transponder ist beim Rad-Checkout zur\u00fcckzugeben.<\/p>\n<p>&nbsp;<\/p>\n<p>&nbsp;<\/p>\n<h2><strong>Zeitplan:<\/strong><\/h2>\n<p>folgt<\/p>\n<p>&nbsp;<\/p>\n<p><strong>Wettkampfbesprechung:<\/strong><\/p>\n<p>F\u00fcr alle Starter gilt: Die <strong>Wettkampfbesprechung <\/strong>findet im <strong>Schwimmbad <\/strong>statt!<\/p>\n<p>&nbsp;<\/p>\n<p>&nbsp;<\/p>\n<h2><strong>Wettkampfbeschreibung:<\/strong><\/h2>\n<p>&nbsp;<\/p>\n<p><u>Allgemeine Informationen:<\/u><\/p>\n<p>Der Fuldataler Triathlon bietet eine Sprint- wie auch Volksdistanz an. Die Sprintdistanz mit den Streckenl\u00e4ngen von (0,75 km\/20 km\/5 km) ist den Ligastartern vorbehalten. Die Ligarennen finden in einem Teamformat statt. Alle Starter der Volksdistanz und der Staffeln starten \u00fcber die L\u00e4ngen von (0,5 km\/20 km\/5 km). Der Wettkampf findet ohne Unterbrechung zwischen den jeweiligen Disziplinen statt. Es gibt eine Wechselzone, so dass beide Wechsel an gleicher Stelle stattfinden. Die Laufwege zwischen den jeweiligen Strecken fallen sehr kurz aus.<\/p>\n<p>&nbsp;<\/p>\n<p>Die Wertung in der offenen Klasse erfolgt in Altersklassen bzw. M\u00e4nnern und Frauen. Bei den Staffeln wird keine Geschlechter- oder Altersklassenunterscheidung gemacht.<\/p>\n<p>&nbsp;<\/p>\n<p>Die Einteilung der Altersklassen erfolgt gem\u00e4\u00df Sportordnung.<\/p>\n<p><a href=\"http:\/\/www.tri-team-fuldatal.de\/wp-content\/uploads\/2020\/03\/Radstrecke.jpg\"><img loading=\"lazy\" decoding=\"async\" class=\"alignnone size-large wp-image-7213\" src=\"http:\/\/www.tri-team-fuldatal.de\/wp-content\/uploads\/2020\/03\/Radstrecke-1024x764.jpg\" alt=\"\" width=\"620\" height=\"463\" srcset=\"http:\/\/www.tri-team-fuldatal.de\/wp-content\/uploads\/2020\/03\/Radstrecke-1024x764.jpg 1024w, http:\/\/www.tri-team-fuldatal.de\/wp-content\/uploads\/2020\/03\/Radstrecke-300x224.jpg 300w, http:\/\/www.tri-team-fuldatal.de\/wp-content\/uploads\/2020\/03\/Radstrecke-768x573.jpg 768w, http:\/\/www.tri-team-fuldatal.de\/wp-content\/uploads\/2020\/03\/Radstrecke.jpg 1052w\" sizes=\"auto, (max-width: 620px) 100vw, 620px\" \/><\/a><\/p>\n<p>&nbsp;<\/p>\n<p><u>Wechselzone: <\/u><\/p>\n<p>Im Bereich der Wechselzone wird es nicht vermeidbar sein, dass sich Teile der Checkin-Zeiten mit den Wechseln der Athleten \u00fcberschneiden. Es gilt also f\u00fcr alle Athleten, den Anweisungen der Helfer Folge zu leisten und sich mit gr\u00f6\u00dfter Vorsicht vor dem laufenden Wettkampf in der Wechselzone zu bewegen. Die Wechselzone darf <strong>ausnahmslos <\/strong>durch den Checkin-Eingang betreten werden.<\/p>\n<p>&nbsp;<\/p>\n<p><u>Wegschleusen: <\/u><\/p>\n<p>F\u00fcr Zuschauer wie auch Athleten sind Wegschleusen eingerichtet, die einen Zugang zu allen Bereichen erm\u00f6glichen. Mit Respekt und Achtung vor einem laufenden Wettkampf gilt es nach ihnen zu schauen und im Zweifel einen Helfer zu fragen, um nicht Strecken- wie Wechselwege ung\u00fcnstig zu kreuzen.<\/p>\n<p>&nbsp;<\/p>\n<p><u>Schwimmen: <\/u><\/p>\n<p>Geschwommen wird im Waldschwimmbad Ihringshausen auf einer 50-Meter-Bahn. Es handelt sich um ein Freibad. Den Anweisungen der Helfer in diesem Bereich ist Folge zu leisten. Jeder Athlet ist selbst daf\u00fcr verantwortlich, die Anzahl seiner Bahnen zu z\u00e4hlen. Die geschwommenen Bahnen werden durch Helfer unterst\u00fctzend gez\u00e4hlt und die letzten Bahnen angezeigt. Badekappen werden durch den Veranstalter gestellt.<\/p>\n<p>&nbsp;<\/p>\n<p><u>Radstrecke: <\/u><\/p>\n<p>Die Radstrecke hat eine L\u00e4nge von 20 Kilometern, besteht aus vier Runden und ist weitestgehend flach. Die Orientierung auf der Radstrecke wird durch eigene und externe Helfer unterst\u00fctzt. Jeder Athlet ist selbst f\u00fcr seine Sicherheit und die seines Umfeldes verantwortlich. Den Anweisungen der Helfer ist Folge zu leisten, um die Sicherheit aller Athleten zu gew\u00e4hrleisten. Windschattenfahren ist f\u00fcr alle Starter der <strong>Offenen Klasse <\/strong>untersagt und wird durch Wettkampfrichter geahndet. Starter der <strong>Ligarennen <\/strong>starten in einem <strong>Teamformat <\/strong>und d\u00fcrfen innerhalb ihrer Mannschaft im Windschatten fahren.<\/p>\n<p>&nbsp;<\/p>\n<p><u>Laufstrecke: <\/u><\/p>\n<p>Die Laufstrecke hat eine L\u00e4nge von 5 Kilometern verteilt auf 3 Runden. Dabei wird das Stadion Eichhecke mit einer ganzen Stadionrunde durchlaufen. Auf der Strecke sind etwa 100 H\u00f6henmeter zu \u00fcberwinden. Die meisten davon befinden sich in einem Anstieg mit einer maximalen Steigung von 10%. Eine Verpflegung mit Wasser befindet sich am Ausgang des Stadions. Diese ist von zwei Seiten zu erreichen, so dass man an ihr w\u00e4hrend der 3 Runden 5 Mal vorbeikommt. Jeder Kilometer ist markiert.<\/p>\n<p>&nbsp;<\/p>\n<p><u>Teamformat Ligarennen: <\/u><\/p>\n<p><strong>Alle <\/strong>Ligastarter starten in einem Teamformat. Es wird ohne Unterbrechung zwischen den einzelnen Disziplinen geschwommen, gefahren und gelaufen. Es gelten die Regelungen f\u00fcr Teamwettk\u00e4mpfe gem\u00e4\u00df Sportordnung insbesondere die Regelungen f\u00fcr Windschattenfahren. Weitere Informationen hierzu bei der Teamleiterbesprechung.<\/p>\n<p>&nbsp;<\/p>\n<p><strong>Wettkampfordnung:<\/strong><\/p>\n<p>Der Veranstaltung liegen die Wettkampfordnungen der Deutschen Triathlon Union (Sportordnung, Veranstalterordnung, Ligaordnung, Anti-Doping-Code, Kampfrichterordnung), sowie Rechts- und Verfahrensordnung und die Disziplinarordnung zugrunde. Mit der Anmeldung erkennt der Teilnehmer die Wettkampfordnungen, sowie Rechts- und Verfahrensordnung, die Disziplinarordnung und die Bedingungen des Veranstalters gem\u00e4\u00df der Ausschreibung f\u00fcr sich als verbindlich an.<\/p>\n<p>&nbsp;<\/p>\n<p><strong>Wettkampforgane:<\/strong><\/p>\n<p><u>Wettkampfleitung:<\/u> Tri-Team Fuldatal, Abteilung des TSV Ihringshausen e.V.<\/p>\n<p><u>Wettkampfgericht:<\/u> wird vom HTV gestellt<\/p>\n<p><u>Schiedsgericht:<\/u> Veranstaltervertreter, Kampfrichtervertreter (TD), Verbandsvertreter (HTV)<\/p>\n<p>&nbsp;<\/p>\n<p><strong>Helmpflicht: <\/strong><\/p>\n<p>F\u00fcr die Teilnahme an unserem Wettkampf besteht Helmpflicht. Der Athlet ist eigenverantwortlich f\u00fcr den ordnungsgem\u00e4\u00dfen Zustand seines Helms. Ohne Helm in einwandfreiem Zustand darf weder eingecheckt noch gestartet werden!<\/p>\n<p>&nbsp;<\/p>\n<p>&nbsp;<\/p>\n<h2><strong>Anfahrtsbeschreibung:<\/strong><\/h2>\n<p>Die Anfahrt zum Stadion wird \u00fcber die <strong>Grebenstra\u00dfe nicht m\u00f6glich <\/strong>sein, da dort die Radstrecke verl\u00e4uft. Die Anfahrt zu den Parkgelegenheiten ist \u00fcber die <strong>Weserstra\u00dfe m\u00f6glich.<\/strong><\/p>\n<p>&nbsp;<\/p>\n<p><u>Anfahrt aus Richtung Norden:<\/u><\/p>\n<p>B3 aus Richtung Hann. M\u00fcnden nach Durchqueren des Ortsteils Simmershausen links abbiegen in die Veckerhagener Stra\u00dfe. Im Ort erneut links in die Moltkestra\u00dfe wieder links in die Fuldastra\u00dfe, welche in die Weserstra\u00dfe \u00fcbergeht.<\/p>\n<p>&nbsp;<\/p>\n<p><u>Anfahrt aus Richtung Nordosten und S\u00fcden:<\/u><\/p>\n<p>A7 Abfahrt Kassel Nord auf die Dresdener Stra\u00dfe auffahren. Rechts abbiegen auf die B83, die Hafenbr\u00fccke \u00fcberqueren und an der n\u00e4chsten Kreuzung rechts auf die B3 auffahren. Der B3 bis Ortsausgang Kassel folgen und rechts in die Veckerhagener Stra\u00dfe abbiegen. Im Ort rechts in die Moltkestra\u00dfe und danach gleich links in Fuldastra\u00dfe, welche in die Weserstra\u00dfe \u00fcbergeht.<\/p>\n<p>&nbsp;<\/p>\n<p><u>Anfahrt aus Richtung Westen:<\/u><\/p>\n<p>Der A44 bis Dreieck Kassel S\u00fcd folgen und auf die A7 Richtung G\u00f6ttingen auffahren. A7 Abfahrt Kassel Nord auf die Dresdener Stra\u00dfe auffahren. Rechts abbiegen auf die B83, die Hafenbr\u00fccke \u00fcberqueren und an der n\u00e4chsten Kreuzung rechts auf die B3 auffahren. Der B3 bis Ortsausgang Kassel folgen und rechts in die Veckerhagener Stra\u00dfe abbiegen. Im Ort rechts in die Moltkestra\u00dfe und danach gleich links in Fuldastra\u00dfe, welche in die Weserstra\u00dfe \u00fcbergeht.<\/p>\n<p><strong>\u00a0<\/strong><\/p>\n<p><u>Parkm\u00f6glichkeiten:<\/u><\/p>\n<p>Es befinden sich ausreichend Parkgelegenheiten links wie rechts von der Weserstra\u00dfe in direkter N\u00e4he zum Stadion. Bitte <strong>nicht \u00fcber die Grebenstra\u00dfe anfahren, <\/strong>diese ist Teil der Wettkampfstrecke und daher f\u00fcr Gegenverkehr nicht zug\u00e4nglich.<\/p>\n<p><strong>\u00a0<\/strong><\/p>\n<p><u>Navigationsdaten:<\/u><\/p>\n<p>Bei der Nutzung eines Navigationsger\u00e4tes kann die Adresse \u201eWeserstra\u00dfe 19, 34233 Fuldatal\u201c genutzt werden. Die GPS-Koordinaten lauten: 51.355954, 9.533668<\/p>\n<p>&nbsp;<\/p>\n<p>&nbsp;<\/p>\n<h2><strong>Verpflegung: <\/strong><\/h2>\n<p><u>Strecke:<\/u><\/p>\n<p>W\u00e4hrend und nach dem Schwimmen wird keine Verpflegung gereicht. W\u00e4hrend des Radfahrens l\u00e4sst sich aus organisatorischen Gr\u00fcnden leider auch keine Verpflegung der Athleten gew\u00e4hrleisten. Auf der Laufstrecke befindet sich die Verpflegung am Stadion Ein- und Ausgang. Auf 3 Runden passiert man diese 5 Mal.<\/p>\n<p>&nbsp;<\/p>\n<p><u>Zielverpflegung:<\/u><\/p>\n<p>Im Ziel werden Getr\u00e4nke und Speisen f\u00fcr alle Athleten gereicht. Von diesen kann Gebrauch gemacht werden, solange man sich im Zielbereich aufh\u00e4lt.<\/p>\n<p>&nbsp;<\/p>\n<p><u>Zuschauerverpflegung:<\/u><\/p>\n<p>Im Bereich der Wechselzone werden kostenpflichtig Getr\u00e4nke, Kuchen und auch warme Speisen durch einen externen Caterer gereicht. Dieser Bereich bietet sich auch daf\u00fcr an, dem Geschehen in der Wechselzone zuzuschauen.<\/p>\n<p>&nbsp;<\/p>\n<p><strong>Medizinische Versorgung: <\/strong><\/p>\n<p>Die medizinische Versorgung im Bereich der Rad- und Laufstrecke erfolgt durch Helfer des Deutschen Roten Kreuzes.<\/p>\n<p>&nbsp;<\/p>\n<p><strong>Fundsachen:<\/strong><\/p>\n<p>Der Veranstalter \u00fcbernimmt keine Haftung f\u00fcr Diebstahl. Alle bei uns abgegebenen Fundsachen werden durch uns gesammelt und f\u00fcr mindestens 4 Wochen aufbewahrt. Meldet sich bis dahin kein Athlet, werden diese ggf. entsorgt. Bei teuren Fundsachen werden wir diese auf unserer Homepage ausschreiben und selbstverst\u00e4ndlich nur gegen eine Besitznachweis aush\u00e4ndigen. Fundsachen werden in der Anmeldung verwahrt.<\/p>\n<p>&nbsp;<\/p>\n<p>&nbsp;<\/p>\n<h2><strong>Teilnahmebedingungen \/ Haftungsausschlusserkl\u00e4rung:<\/strong><\/h2>\n<p>Mit der Anmeldung erkennt der Teilnehmer die Wettkampfordnungen, sowie Rechts- und Verfahrensordnung, die Disziplinarordnung und die Bedingungen des Veranstalters gem\u00e4\u00df Ausschreibung f\u00fcr sich als verbindlich an.<\/p>\n<p>Ebenso erkennt der Athlet mit der Anmeldung die Ausschreibung und den Haftungsausschluss des Veranstalters f\u00fcr Sch\u00e4den aller Art an. Er wird weder gegen den Veranstalter noch die Sponsoren der Veranstaltung und deren Vertreter Anspr\u00fcche wegen Sch\u00e4den und Verletzungen jeder Art geltend machen, die ihm durch seine Teilnahme entstehen k\u00f6nnen.<\/p>\n<p>Er erkl\u00e4rt, dass er f\u00fcr die Teilnahme an diesem Wettbewerb ausreichend trainiert hat und k\u00f6rperlich gesund ist. Das Sanit\u00e4tspersonal ist berechtigt, ihn bei bedrohlichen Anzeichen einer Gesundheitssch\u00e4digung aus dem Wettbewerb zu nehmen.<\/p>\n<p>Jeder Teilnehmer ist eigenverantwortlich f\u00fcr die technische Sicherheit seiner Ausr\u00fcstung.<\/p>\n<p>Er ist damit einverstanden, dass die in seiner Anmeldung genannten Daten zur Ergebnisauswertung genutzt werden d\u00fcrfen. Er versichert die Richtigkeit der von ihm gemachten Angaben. Er akzeptiert, dass die im Zusammenhang mit der Veranstaltung gemachten Fotos, Filmaufnahmen etc. in den Medien ohne Verg\u00fctungsanspruch ver\u00f6ffentlich werden k\u00f6nnen.<\/p>\n<p>Der Teilnehmer und der Zuschauer erkl\u00e4rt sich damit einverstanden, dass Bildmaterial der Veranstaltung ver\u00f6ffentlicht wird, sofern dieses die Sportveranstaltung als solches darstellt. Der Teilnehmer ist damit einverstanden, dass seine Daten maschinell gespeichert werden. Sollte der Teilnehmer damit nicht einverstanden sein, so muss er dies \u00fcber die E-Mail-Adresse orgateam@fuldataler-triathlon.de anzeigen.<\/p>\n<p>Es bestehen keine Regressanspr\u00fcche bei Nichtantreten, bei Unterbrechung und\/oder Ausfall, oder falls die Veranstaltung terminlich verlegt werden muss. Es wird jedem Teilnehmer empfohlen, zu seiner Sicherheit vorab eine Haftpflicht- oder Unfallversicherung abzuschlie\u00dfen.<\/p>\n<p>Den Weisungen der Streckenposten und Kampfrichter ist Folge zu leisten. Die Teilnahme an der Wettkampfbesprechung ist Voraussetzung f\u00fcr die Teilnahme an der Veranstaltung.<\/p>\n<p>Trotz guter Sicherung der Radstrecke durch Streckenposten und externe Helfer gilt es auf der gesamten Strecke die StVO einzuhalten.<\/p>\n","protected":false},"excerpt":{"rendered":"<p>&nbsp; \u00a0 Ausschreibung zum 16. Fuldataler Triathlon am 09.08.2020 (Stand 08.03.2020) &nbsp; \u00a0 Ausrichter: Tri-Team Fuldatal, Abteilung des TSV Ihringshausen<\/p>\n","protected":false},"author":7,"featured_media":0,"parent":0,"menu_order":0,"comment_status":"open","ping_status":"open","template":"","meta":{"colormag_page_container_layout":"default_layout","colormag_page_sidebar_layout":"default_layout","footnotes":""},"class_list":["post-4858","page","type-page","status-publish","hentry"],"_links":{"self":[{"href":"http:\/\/www.tri-team-fuldatal.de\/index.php?rest_route=\/wp\/v2\/pages\/4858","targetHints":{"allow":["GET"]}}],"collection":[{"href":"http:\/\/www.tri-team-fuldatal.de\/index.php?rest_route=\/wp\/v2\/pages"}],"about":[{"href":"http:\/\/www.tri-team-fuldatal.de\/index.php?rest_route=\/wp\/v2\/types\/page"}],"author":[{"embeddable":true,"href":"http:\/\/www.tri-team-fuldatal.de\/index.php?rest_route=\/wp\/v2\/users\/7"}],"replies":[{"embeddable":true,"href":"http:\/\/www.tri-team-fuldatal.de\/index.php?rest_route=%2Fwp%2Fv2%2Fcomments&post=4858"}],"version-history":[{"count":154,"href":"http:\/\/www.tri-team-fuldatal.de\/index.php?rest_route=\/wp\/v2\/pages\/4858\/revisions"}],"predecessor-version":[{"id":6213,"href":"http:\/\/www.tri-team-fuldatal.de\/index.php?rest_route=\/wp\/v2\/pages\/4858\/revisions\/6213"}],"wp:attachment":[{"href":"http:\/\/www.tri-team-fuldatal.de\/index.php?rest_route=%2Fwp%2Fv2%2Fmedia&parent=4858"}],"curies":[{"name":"wp","href":"https:\/\/api.w.org\/{rel}","templated":true}]}}