{"id":39,"date":"2010-12-27T13:45:28","date_gmt":"2010-12-27T12:45:28","guid":{"rendered":"http:\/\/www.tri-team-fuldatal.de\/NEU\/?page_id=39"},"modified":"2022-01-30T15:10:52","modified_gmt":"2022-01-30T14:10:52","slug":"verein-2","status":"publish","type":"page","link":"http:\/\/www.tri-team-fuldatal.de\/?page_id=39","title":{"rendered":"Verein"},"content":{"rendered":"<p style=\"text-align: justify;\">Das Triathlon-Team-Fuldatal wurde im Dezember 1993 als Abteilung des TSV Ihringshausen gegr\u00fcndet. Von den damals nicht mal zehn Gr\u00fcndungsmitgliedern, hat sich das Tri-Team zu einer Abteilung mit fast 60 \u00fcberwiegend aktiven Mitgliedern entwickelt.<\/p>\n<p style=\"text-align: justify;\">Unsere Athleten behaupten sich\u00a0neben dem Triathlon\u00a0in den unterschiedlichsten Disziplinen wie z. B. Duathlon, Marathon, Skilanglauf und Moutainbiken. Bei uns gibt es sowohl Freizeit- und fitnessorientierte Sportler als auch Leistungssportler bzw. Hochleistungssportler, die an nationalen und internationalen Wettk\u00e4mpfen teilnehmen.<\/p>\n<p>Der Verein ist mit verschiedenen Mannschaften im Rahmen der HTL (Hessischen Triathlon Liga) aktiv. Hier geht man als Team zusammen an den Start eines Wettkampfs und auch wenn doch jeder f\u00fcr sich das Rennen macht, hei\u00dft Triathlon im Ligabetrieb auch zusammen trainieren, zusammen Spa\u00df haben und auch leiden und zusammen zu einem Wettkampf zu fahren, um ihn m\u00f6glichst erfolgreich abzuschlie\u00dfen. Triathlon kann viel mehr ein Mannschaftssport sein als man gemein hin denkt.<\/p>\n<p style=\"text-align: justify;\">Den \u201eFighting Spirit\u201d, wie er in der Presse bereits so sch\u00f6n formuliert wurde, verdanken wir vor allem dem Teamgeist, der\u00a0im Tri-Team Fuldatal ganz besonders zu sp\u00fcren ist.\u00a0Das Tri-Team wird aber auch durch die starke Gemeinschaft gepr\u00e4gt, was sich\u00a0\u00fcber Wettkampfveranstaltungen hinaus, im Training und im privaten Bereich wiederspiegelt.<\/p>\n<p style=\"text-align: justify;\"><a href=\"http:\/\/www.tri-team-fuldatal.de\/wp-content\/uploads\/2010\/12\/Aufnahmeantrag-neu-2018-Vor-und-Ruckseite-2.pdf\" rel=\"\">Download Mitgliedsantrag Tri-Team Fuldatal<\/a><\/p>\n<p style=\"text-align: justify;\">Wichtig f\u00fcr den Antrag ist, dass ihr diesen Antrag bitte auch per eMail an unseren Vorstand (vorstand(at)tri-team-fuldatal.de) schickt. So ist gew\u00e4hrtleistet, dass ihr umgehend in unsere Mailverteiler eingebunden werdet.<\/p>\n","protected":false},"excerpt":{"rendered":"<p>Das Triathlon-Team-Fuldatal wurde im Dezember 1993 als Abteilung des TSV Ihringshausen gegr\u00fcndet. Von den damals nicht mal zehn Gr\u00fcndungsmitgliedern, hat<\/p>\n","protected":false},"author":1,"featured_media":1678,"parent":0,"menu_order":0,"comment_status":"closed","ping_status":"closed","template":"","meta":{"colormag_page_container_layout":"no_sidebar_full_width","colormag_page_sidebar_layout":"no_sidebar","footnotes":""},"class_list":["post-39","page","type-page","status-publish","has-post-thumbnail","hentry"],"_links":{"self":[{"href":"http:\/\/www.tri-team-fuldatal.de\/index.php?rest_route=\/wp\/v2\/pages\/39","targetHints":{"allow":["GET"]}}],"collection":[{"href":"http:\/\/www.tri-team-fuldatal.de\/index.php?rest_route=\/wp\/v2\/pages"}],"about":[{"href":"http:\/\/www.tri-team-fuldatal.de\/index.php?rest_route=\/wp\/v2\/types\/page"}],"author":[{"embeddable":true,"href":"http:\/\/www.tri-team-fuldatal.de\/index.php?rest_route=\/wp\/v2\/users\/1"}],"replies":[{"embeddable":true,"href":"http:\/\/www.tri-team-fuldatal.de\/index.php?rest_route=%2Fwp%2Fv2%2Fcomments&post=39"}],"version-history":[{"count":31,"href":"http:\/\/www.tri-team-fuldatal.de\/index.php?rest_route=\/wp\/v2\/pages\/39\/revisions"}],"predecessor-version":[{"id":7424,"href":"http:\/\/www.tri-team-fuldatal.de\/index.php?rest_route=\/wp\/v2\/pages\/39\/revisions\/7424"}],"wp:featuredmedia":[{"embeddable":true,"href":"http:\/\/www.tri-team-fuldatal.de\/index.php?rest_route=\/wp\/v2\/media\/1678"}],"wp:attachment":[{"href":"http:\/\/www.tri-team-fuldatal.de\/index.php?rest_route=%2Fwp%2Fv2%2Fmedia&parent=39"}],"curies":[{"name":"wp","href":"https:\/\/api.w.org\/{rel}","templated":true}]}}